{"id":578,"date":"2024-05-26T01:49:00","date_gmt":"2024-05-25T23:49:00","guid":{"rendered":"https:\/\/www.esraahair.com\/?page_id=578"},"modified":"2024-12-23T23:29:04","modified_gmt":"2024-12-23T22:29:04","slug":"coaching-cheveux-3-mois","status":"publish","type":"page","link":"https:\/\/www.esraahair.com\/index.php\/coaching-cheveux-3-mois\/","title":{"rendered":"Coaching capillaire &#8211; pack 3 mois"},"content":{"rendered":"\t\t<div data-elementor-type=\"wp-page\" data-elementor-id=\"578\" class=\"elementor elementor-578\">\n\t\t\t\t<div class=\"elementor-element elementor-element-40acd7d e-flex e-con-boxed e-con e-parent\" data-id=\"40acd7d\" data-element_type=\"container\" data-core-v316-plus=\"true\">\n\t\t\t\t\t<div class=\"e-con-inner\">\n\t\t\t\t<div class=\"elementor-element elementor-element-1098f85 elementor-widget elementor-widget-spacer\" data-id=\"1098f85\" data-element_type=\"widget\" data-widget_type=\"spacer.default\">\n\t\t\t\t<div class=\"elementor-widget-container\">\n\t\t\t<style>\/*! elementor - v3.20.0 - 26-03-2024 *\/\n.elementor-column .elementor-spacer-inner{height:var(--spacer-size)}.e-con{--container-widget-width:100%}.e-con-inner>.elementor-widget-spacer,.e-con>.elementor-widget-spacer{width:var(--container-widget-width,var(--spacer-size));--align-self:var(--container-widget-align-self,initial);--flex-shrink:0}.e-con-inner>.elementor-widget-spacer>.elementor-widget-container,.e-con>.elementor-widget-spacer>.elementor-widget-container{height:100%;width:100%}.e-con-inner>.elementor-widget-spacer>.elementor-widget-container>.elementor-spacer,.e-con>.elementor-widget-spacer>.elementor-widget-container>.elementor-spacer{height:100%}.e-con-inner>.elementor-widget-spacer>.elementor-widget-container>.elementor-spacer>.elementor-spacer-inner,.e-con>.elementor-widget-spacer>.elementor-widget-container>.elementor-spacer>.elementor-spacer-inner{height:var(--container-widget-height,var(--spacer-size))}.e-con-inner>.elementor-widget-spacer.elementor-widget-empty,.e-con>.elementor-widget-spacer.elementor-widget-empty{position:relative;min-height:22px;min-width:22px}.e-con-inner>.elementor-widget-spacer.elementor-widget-empty .elementor-widget-empty-icon,.e-con>.elementor-widget-spacer.elementor-widget-empty .elementor-widget-empty-icon{position:absolute;top:0;bottom:0;left:0;right:0;margin:auto;padding:0;width:22px;height:22px}<\/style>\t\t<div class=\"elementor-spacer\">\n\t\t\t<div class=\"elementor-spacer-inner\"><\/div>\n\t\t<\/div>\n\t\t\t\t<\/div>\n\t\t\t\t<\/div>\n\t\t\t\t<div class=\"elementor-element elementor-element-b737d44 elementor-widget elementor-widget-heading\" data-id=\"b737d44\" data-element_type=\"widget\" data-widget_type=\"heading.default\">\n\t\t\t\t<div class=\"elementor-widget-container\">\n\t\t\t<style>\/*! elementor - v3.20.0 - 26-03-2024 *\/\n.elementor-heading-title{padding:0;margin:0;line-height:1}.elementor-widget-heading .elementor-heading-title[class*=elementor-size-]>a{color:inherit;font-size:inherit;line-height:inherit}.elementor-widget-heading .elementor-heading-title.elementor-size-small{font-size:15px}.elementor-widget-heading .elementor-heading-title.elementor-size-medium{font-size:19px}.elementor-widget-heading .elementor-heading-title.elementor-size-large{font-size:29px}.elementor-widget-heading .elementor-heading-title.elementor-size-xl{font-size:39px}.elementor-widget-heading .elementor-heading-title.elementor-size-xxl{font-size:59px}<\/style><h2 class=\"elementor-heading-title elementor-size-default\">R\u00e9servation d'un coaching capillaire de 3 mois<\/h2>\t\t<\/div>\n\t\t\t\t<\/div>\n\t\t\t\t\t<\/div>\n\t\t\t\t<\/div>\n\t\t<div class=\"elementor-element elementor-element-5c549c1 e-flex e-con-boxed e-con e-parent\" data-id=\"5c549c1\" data-element_type=\"container\" data-core-v316-plus=\"true\">\n\t\t\t\t\t<div class=\"e-con-inner\">\n\t\t\t\t<div class=\"elementor-element elementor-element-2622dbb elementor-widget elementor-widget-html\" data-id=\"2622dbb\" data-element_type=\"widget\" data-widget_type=\"html.default\">\n\t\t\t\t<div class=\"elementor-widget-container\">\n\t\t\t<!-- D\u00e9but de widget en ligne Calendly -->\n<div class=\"calendly-inline-widget\" data-url=\"https:\/\/calendly.com\/esrahair\/coaching-cheveux-3-mois?hide_gdpr_banner=1\" style=\"min-width:320px;height:700px;\"><\/div>\n<script type=\"text\/javascript\" src=\"https:\/\/assets.calendly.com\/assets\/external\/widget.js\" async><\/script>\n<!-- Fin de widget en ligne Calendly -->\t\t<\/div>\n\t\t\t\t<\/div>\n\t\t\t\t\t<\/div>\n\t\t\t\t<\/div>\n\t\t\t\t<\/div>\n\t\t","protected":false},"excerpt":{"rendered":"<p>R\u00e9servation d&rsquo;un coaching capillaire de 3 mois<\/p>\n","protected":false},"author":1,"featured_media":0,"parent":0,"menu_order":0,"comment_status":"closed","ping_status":"closed","template":"","meta":{"footnotes":""},"class_list":["post-578","page","type-page","status-publish","hentry"],"yoast_head":"<!-- This site is optimized with the Yoast SEO plugin v21.7 - https:\/\/yoast.com\/wordpress\/plugins\/seo\/ -->\n<title>Esraahair - Programme capillaire de 3 mois<\/title>\n<meta name=\"description\" content=\"Pour ceux qui estiment ne pas avoir de probl\u00e8me majeur mais souhaitent uniquement favoriser la pousse capillaire ou renforcer et densifier leurs cheveux, un programme de 3 mois est recommand\u00e9.\" \/>\n<meta name=\"robots\" content=\"index, follow, max-snippet:-1, max-image-preview:large, max-video-preview:-1\" \/>\n<link rel=\"canonical\" href=\"https:\/\/www.esraahair.com\/index.php\/coaching-cheveux-3-mois\/\" \/>\n<meta property=\"og:locale\" content=\"fr_FR\" \/>\n<meta property=\"og:type\" content=\"article\" \/>\n<meta property=\"og:title\" content=\"Esraahair - Programme capillaire de 3 mois\" \/>\n<meta property=\"og:description\" content=\"Pour ceux qui estiment ne pas avoir de probl\u00e8me majeur mais souhaitent uniquement favoriser la pousse capillaire ou renforcer et densifier leurs cheveux, un programme de 3 mois est recommand\u00e9.\" \/>\n<meta property=\"og:url\" content=\"https:\/\/www.esraahair.com\/index.php\/coaching-cheveux-3-mois\/\" \/>\n<meta property=\"og:site_name\" content=\"Esraahair - Coaching capillaire et cutan\u00e9\" \/>\n<meta property=\"article:modified_time\" content=\"2024-12-23T22:29:04+00:00\" \/>\n<meta name=\"twitter:card\" content=\"summary_large_image\" \/>\n<meta name=\"twitter:label1\" content=\"Dur\u00e9e de lecture estim\u00e9e\" \/>\n\t<meta name=\"twitter:data1\" content=\"1 minute\" \/>\n<script type=\"application\/ld+json\" class=\"yoast-schema-graph\">{\"@context\":\"https:\/\/schema.org\",\"@graph\":[{\"@type\":\"WebPage\",\"@id\":\"https:\/\/www.esraahair.com\/index.php\/coaching-cheveux-3-mois\/\",\"url\":\"https:\/\/www.esraahair.com\/index.php\/coaching-cheveux-3-mois\/\",\"name\":\"Esraahair - Programme capillaire de 3 mois\",\"isPartOf\":{\"@id\":\"https:\/\/www.esraahair.com\/#website\"},\"datePublished\":\"2024-05-25T23:49:00+00:00\",\"dateModified\":\"2024-12-23T22:29:04+00:00\",\"description\":\"Pour ceux qui estiment ne pas avoir de probl\u00e8me majeur mais souhaitent uniquement favoriser la pousse capillaire ou renforcer et densifier leurs cheveux, un programme de 3 mois est recommand\u00e9.\",\"breadcrumb\":{\"@id\":\"https:\/\/www.esraahair.com\/index.php\/coaching-cheveux-3-mois\/#breadcrumb\"},\"inLanguage\":\"fr-FR\",\"potentialAction\":[{\"@type\":\"ReadAction\",\"target\":[\"https:\/\/www.esraahair.com\/index.php\/coaching-cheveux-3-mois\/\"]}]},{\"@type\":\"BreadcrumbList\",\"@id\":\"https:\/\/www.esraahair.com\/index.php\/coaching-cheveux-3-mois\/#breadcrumb\",\"itemListElement\":[{\"@type\":\"ListItem\",\"position\":1,\"name\":\"Accueil\",\"item\":\"https:\/\/www.esraahair.com\/\"},{\"@type\":\"ListItem\",\"position\":2,\"name\":\"Coaching capillaire &#8211; pack 3 mois\"}]},{\"@type\":\"WebSite\",\"@id\":\"https:\/\/www.esraahair.com\/#website\",\"url\":\"https:\/\/www.esraahair.com\/\",\"name\":\"Esraahair - Coaching capillaire et cutan\u00e9\",\"description\":\"\",\"publisher\":{\"@id\":\"https:\/\/www.esraahair.com\/#organization\"},\"potentialAction\":[{\"@type\":\"SearchAction\",\"target\":{\"@type\":\"EntryPoint\",\"urlTemplate\":\"https:\/\/www.esraahair.com\/?s={search_term_string}\"},\"query-input\":\"required name=search_term_string\"}],\"inLanguage\":\"fr-FR\"},{\"@type\":\"Organization\",\"@id\":\"https:\/\/www.esraahair.com\/#organization\",\"name\":\"Esraahair - Coaching capillaire et cutan\u00e9\",\"url\":\"https:\/\/www.esraahair.com\/\",\"logo\":{\"@type\":\"ImageObject\",\"inLanguage\":\"fr-FR\",\"@id\":\"https:\/\/www.esraahair.com\/#\/schema\/logo\/image\/\",\"url\":\"https:\/\/www.esraahair.com\/wp-content\/uploads\/2023\/12\/esraa-logo-cropped2.png\",\"contentUrl\":\"https:\/\/www.esraahair.com\/wp-content\/uploads\/2023\/12\/esraa-logo-cropped2.png\",\"width\":350,\"height\":100,\"caption\":\"Esraahair - Coaching capillaire et cutan\u00e9\"},\"image\":{\"@id\":\"https:\/\/www.esraahair.com\/#\/schema\/logo\/image\/\"}}]}<\/script>\n<!-- \/ Yoast SEO plugin. -->","yoast_head_json":{"title":"Esraahair - Programme capillaire de 3 mois","description":"Pour ceux qui estiment ne pas avoir de probl\u00e8me majeur mais souhaitent uniquement favoriser la pousse capillaire ou renforcer et densifier leurs cheveux, un programme de 3 mois est recommand\u00e9.","robots":{"index":"index","follow":"follow","max-snippet":"max-snippet:-1","max-image-preview":"max-image-preview:large","max-video-preview":"max-video-preview:-1"},"canonical":"https:\/\/www.esraahair.com\/index.php\/coaching-cheveux-3-mois\/","og_locale":"fr_FR","og_type":"article","og_title":"Esraahair - Programme capillaire de 3 mois","og_description":"Pour ceux qui estiment ne pas avoir de probl\u00e8me majeur mais souhaitent uniquement favoriser la pousse capillaire ou renforcer et densifier leurs cheveux, un programme de 3 mois est recommand\u00e9.","og_url":"https:\/\/www.esraahair.com\/index.php\/coaching-cheveux-3-mois\/","og_site_name":"Esraahair - Coaching capillaire et cutan\u00e9","article_modified_time":"2024-12-23T22:29:04+00:00","twitter_card":"summary_large_image","twitter_misc":{"Dur\u00e9e de lecture estim\u00e9e":"1 minute"},"schema":{"@context":"https:\/\/schema.org","@graph":[{"@type":"WebPage","@id":"https:\/\/www.esraahair.com\/index.php\/coaching-cheveux-3-mois\/","url":"https:\/\/www.esraahair.com\/index.php\/coaching-cheveux-3-mois\/","name":"Esraahair - Programme capillaire de 3 mois","isPartOf":{"@id":"https:\/\/www.esraahair.com\/#website"},"datePublished":"2024-05-25T23:49:00+00:00","dateModified":"2024-12-23T22:29:04+00:00","description":"Pour ceux qui estiment ne pas avoir de probl\u00e8me majeur mais souhaitent uniquement favoriser la pousse capillaire ou renforcer et densifier leurs cheveux, un programme de 3 mois est recommand\u00e9.","breadcrumb":{"@id":"https:\/\/www.esraahair.com\/index.php\/coaching-cheveux-3-mois\/#breadcrumb"},"inLanguage":"fr-FR","potentialAction":[{"@type":"ReadAction","target":["https:\/\/www.esraahair.com\/index.php\/coaching-cheveux-3-mois\/"]}]},{"@type":"BreadcrumbList","@id":"https:\/\/www.esraahair.com\/index.php\/coaching-cheveux-3-mois\/#breadcrumb","itemListElement":[{"@type":"ListItem","position":1,"name":"Accueil","item":"https:\/\/www.esraahair.com\/"},{"@type":"ListItem","position":2,"name":"Coaching capillaire &#8211; pack 3 mois"}]},{"@type":"WebSite","@id":"https:\/\/www.esraahair.com\/#website","url":"https:\/\/www.esraahair.com\/","name":"Esraahair - Coaching capillaire et cutan\u00e9","description":"","publisher":{"@id":"https:\/\/www.esraahair.com\/#organization"},"potentialAction":[{"@type":"SearchAction","target":{"@type":"EntryPoint","urlTemplate":"https:\/\/www.esraahair.com\/?s={search_term_string}"},"query-input":"required name=search_term_string"}],"inLanguage":"fr-FR"},{"@type":"Organization","@id":"https:\/\/www.esraahair.com\/#organization","name":"Esraahair - Coaching capillaire et cutan\u00e9","url":"https:\/\/www.esraahair.com\/","logo":{"@type":"ImageObject","inLanguage":"fr-FR","@id":"https:\/\/www.esraahair.com\/#\/schema\/logo\/image\/","url":"https:\/\/www.esraahair.com\/wp-content\/uploads\/2023\/12\/esraa-logo-cropped2.png","contentUrl":"https:\/\/www.esraahair.com\/wp-content\/uploads\/2023\/12\/esraa-logo-cropped2.png","width":350,"height":100,"caption":"Esraahair - Coaching capillaire et cutan\u00e9"},"image":{"@id":"https:\/\/www.esraahair.com\/#\/schema\/logo\/image\/"}}]}},"jetpack_sharing_enabled":true,"_links":{"self":[{"href":"https:\/\/www.esraahair.com\/index.php\/wp-json\/wp\/v2\/pages\/578","targetHints":{"allow":["GET"]}}],"collection":[{"href":"https:\/\/www.esraahair.com\/index.php\/wp-json\/wp\/v2\/pages"}],"about":[{"href":"https:\/\/www.esraahair.com\/index.php\/wp-json\/wp\/v2\/types\/page"}],"author":[{"embeddable":true,"href":"https:\/\/www.esraahair.com\/index.php\/wp-json\/wp\/v2\/users\/1"}],"replies":[{"embeddable":true,"href":"https:\/\/www.esraahair.com\/index.php\/wp-json\/wp\/v2\/comments?post=578"}],"version-history":[{"count":15,"href":"https:\/\/www.esraahair.com\/index.php\/wp-json\/wp\/v2\/pages\/578\/revisions"}],"predecessor-version":[{"id":1099,"href":"https:\/\/www.esraahair.com\/index.php\/wp-json\/wp\/v2\/pages\/578\/revisions\/1099"}],"wp:attachment":[{"href":"https:\/\/www.esraahair.com\/index.php\/wp-json\/wp\/v2\/media?parent=578"}],"curies":[{"name":"wp","href":"https:\/\/api.w.org\/{rel}","templated":true}]}}